{"id":682,"date":"2021-11-22T19:03:41","date_gmt":"2021-11-22T18:03:41","guid":{"rendered":"https:\/\/ip.linking-net.com\/?page_id=9"},"modified":"2024-12-20T19:39:54","modified_gmt":"2024-12-20T18:39:54","slug":"isla-passio","status":"publish","type":"page","link":"https:\/\/isla-passio.com\/fr\/","title":{"rendered":"Isla Passi\u00f3 - Biens immobiliers"},"content":{"rendered":"<p>[et_pb_section fb_built=&#8220;1&#8243; fullwidth=&#8220;on&#8220; _builder_version=&#8220;4.16&#8243; _module_preset=&#8220;default&#8220; background_enable_color=&#8220;off&#8220; global_colors_info=&#8220;{}&#8220;][et_pb_fullwidth_header title=&#8220;Immobilien&#8220; text_orientation=&#8220;center&#8220; header_fullscreen=&#8220;on&#8220; header_scroll_down=&#8220;on&#8220; scroll_down_icon=&#8220;%%1%%&#8220; scroll_down_icon_color=&#8220;#FFFFFF&#8220; logo_image_url=&#8220;https:\/\/isla-passio.com\/wp-content\/uploads\/2021\/11\/isla_passio_Logo_w.png&#8220; logo_alt_text=&#8220;Isla Passi\u00f3 &#8211; Immobilien &#8211; Mieten, Kaufen oder Bauen auf Mallorca&#8220; _builder_version=&#8220;4.17.6&#8243; _module_preset=&#8220;default&#8220; title_font=&#8220;|||on|||||&#8220; title_font_size=&#8220;21px&#8220; title_letter_spacing=&#8220;2px&#8220; content_font_size=&#8220;18px&#8220; content_line_height=&#8220;1.5em&#8220; subhead_line_height=&#8220;1.5em&#8220; background_color=&#8220;rgba(18,19,24,0.38)&#8220; background_color_gradient_start=&#8220;#000000&#8243; background_color_gradient_end=&#8220;#000000&#8243; background_image=&#8220;https:\/\/isla-passio.com\/wp-content\/uploads\/2022\/07\/immobilien-santanyi.jpeg&#8220; background_position=&#8220;bottom_center&#8220; background_vertical_offset=&#8220;5%&#8220; background_blend=&#8220;multiply&#8220; button_one_rel=&#8220;on|off|off|off|off&#8220; background_last_edited=&#8220;on|phone&#8220; custom_css_logo=&#8220;max-width: 250px;&#8220; border_style_all_image=&#8220;none&#8220; global_colors_info=&#8220;{}&#8220;][\/et_pb_fullwidth_header][\/et_pb_section][et_pb_section fb_built=&#8220;1&#8243; custom_padding_last_edited=&#8220;on|phone&#8220; _builder_version=&#8220;4.17.6&#8243; _module_preset=&#8220;default&#8220; use_background_color_gradient=&#8220;on&#8220; background_color_gradient_stops=&#8220;#9b8779 0%|#f8f0e3 100%&#8220; background_color_gradient_start=&#8220;#8b7367&#8243; background_color_gradient_end=&#8220;#f8f0e3&#8243; background_color_gradient_end_position=&#8220;82%&#8220; background_enable_image=&#8220;off&#8220; background_size=&#8220;custom&#8220; background_image_width=&#8220;50%&#8220; background_image_height=&#8220;100%&#8220; background_position=&#8220;top_left&#8220; background_blend=&#8220;multiply&#8220; custom_padding=&#8220;80px||80px||true|false&#8220; custom_padding_tablet=&#8220;60px||60px||true|false&#8220; custom_padding_phone=&#8220;50px||50px||true|false&#8220; background_last_edited=&#8220;on|phone&#8220; background_image_width_tablet=&#8220;100%&#8220; custom_css_main_element=&#8220;background-size: 50% 100%;||background-repeat: no-repeat;||background-position: top left;||overflow: hidden !important;&#8220; custom_css_after=&#8220;content: %22%22;||display: block;||width: 25%;||height: 120px;||background-image: url(&#8218;\/wp-content\/themes\/isla-finca-design\/assets\/images\/fingerprint_mallorca_immobilien.png&#8216;);||background-size: contain;||background-repeat: no-repeat;||top: 0;||left: 0;||opacity: .2;||position: absolute;&#8220; global_colors_info=&#8220;{}&#8220; custom_css_main_element_last_edited=&#8220;on|phone&#8220; custom_css_main_element_tablet=&#8220;background-size: 100% 48%;||background-repeat: no-repeat;||background-position: top left;&#8220; custom_css_main_element_phone=&#8220;background-size: 100% 55%;||background-repeat: no-repeat;||background-position: top left;&#8220;][et_pb_row column_structure=&#8220;1_2,1_2&#8243; make_equal=&#8220;on&#8220; _builder_version=&#8220;4.16&#8243; _module_preset=&#8220;default&#8220; custom_padding=&#8220;0px||0px||true|false&#8220; global_colors_info=&#8220;{}&#8220;][et_pb_column type=&#8220;1_2&#8243; _builder_version=&#8220;4.16&#8243; _module_preset=&#8220;default&#8220; custom_padding=&#8220;|20px||20px|false|true&#8220; custom_padding_phone=&#8220;||||false|true&#8220; custom_padding_last_edited=&#8220;off|phone&#8220; custom_css_main_element=&#8220;display: flex;||flex-flow: column wrap;||justify-content: center;&#8220; global_colors_info=&#8220;{}&#8220; custom_css_main_element_last_edited=&#8220;on|phone&#8220; custom_css_main_element_tablet=&#8220; &#8220; custom_css_main_element_phone=&#8220; &#8222;][et_pb_blurb title=&#8220;Kaufen &#038; Bauen auf Mallorca&#8220; content_max_width=&#8220;100%&#8220; _builder_version=&#8220;4.17.6&#8243; _module_preset=&#8220;default&#8220; header_level=&#8220;h2&#8243; header_font=&#8220;|||on|||||&#8220; header_text_color=&#8220;#F8F0E3&#8243; header_font_size=&#8220;40px&#8220; header_letter_spacing=&#8220;4px&#8220; header_line_height=&#8220;1.3em&#8220; body_text_color=&#8220;#382b27&#8243; body_font_size=&#8220;18px&#8220; background_layout=&#8220;dark&#8220; width=&#8220;100%&#8220; max_width=&#8220;550px&#8220; custom_margin=&#8220;||3em||false|false&#8220; custom_margin_tablet=&#8220;||3em||false|false&#8220; custom_margin_phone=&#8220;||3em||false|false&#8220; custom_margin_last_edited=&#8220;on|phone&#8220; header_font_size_tablet=&#8220;30px&#8220; header_font_size_phone=&#8220;26px&#8220; header_font_size_last_edited=&#8220;on|phone&#8220; body_font_size_tablet=&#8220;17px&#8220; body_font_size_phone=&#8220;16px&#8220; body_font_size_last_edited=&#8220;on|phone&#8220; custom_css_blurb_title=&#8220;margin-bottom: 1em;&#8220; global_colors_info=&#8220;{}&#8220; custom_css_main_element_last_edited=&#8220;off|phone&#8220;]<span style=\"text-transform: uppercase;\">Isla Passi\u00f3<\/span> Immobilier vous propose des fincas tri\u00e9es sur le volet, de charmantes maisons de ville, des villas, des appartements modernes et d'autres propri\u00e9t\u00e9s exclusives dans des endroits attrayants.<br \/>\nPour les personnes int\u00e9ress\u00e9es par la construction, nous pouvons r\u00e9aliser votre projet de construction de r\u00eave \u00e0 Majorque \"sans barri\u00e8res\" avec un accompagnement en langue allemande.<br \/>\nNiels Teichmann et son \u00e9quipe de collaborateurs:trices comp\u00e9tents et discrets vous conseillent et vous assistent personnellement dans votre projet en tenant compte en particulier de vos souhaits et exigences.[\/et_pb_blurb][\/et_pb_column][et_pb_column type=\"1_2\u2033 _builder_version=\"4.16\u2033 _module_preset=\"default\" custom_css_main_element=\"display : flex;||flex-flow : column wrap;||justify-content : center ;\" global_colors_info=\"{}\" custom_css_main_element_last_edited=\"on|phone\" custom_css_main_element_tablet=\" \" custom_css_main_element_phone=\" \"][et_pb_image src=\"https:\/\/isla-passio.com\/wp-content\/uploads\/2022\/03\/isla-passio-immobilien-santanyi.jpeg\" alt=\"Propri\u00e9t\u00e9s \u00e0 acheter \u00e0 Santanyi, Santany\u00ed, Cala Figuera, maison \u00e0 Majorque\" _builder_version=\"4.17.6\u2033 _module_preset=\"default\" width=\"100%\" max_width=\"400px\" max_width_tablet=\"250px\" max_width_phone=\"250px\" max_width_last_edited=\"on|phone\" module_alignment=\"center\" border_radii=\"off||||\" border_width_all=\"5px\" border_color_all=\"rgba(234,231,227,0.3)\" box_shadow_style=\"preset6\u2033 box_shadow_color=\"rgba(0,0,0,0.5)\" global_colors_info=\"{}\"][\/et_pb_image][\/et_pb_column][\/et_pb_row][\/et_pb_section][et_pb_section fb_built=\"1\u2033 custom_padding_last_edited=\"on|phone\" _builder_version=\"4.24.3\u2033 _module_preset=\"default\" use_background_color_gradient=\"on\" background_color_gradient_stops=\"#f8f0e3 0%|#eae7e3 100%\" background_color_gradient_start=\"#f8f0e3\u2033 background_color_gradient_end=\"#eae7e3\u2033 background_enable_image=\"off\" background_position=\"top_left\" background_blend=\"multiply\" custom_padding=\"90px||20px||false|false\" custom_padding_tablet=\"60px||20px||false|false\" custom_padding_phone=\"50px||0px||false|false\" hover_enabled=\"0\u2033 global_colors_info=\"{}\" sticky_enabled=\"0\u2033 disabled_on=\"on|on|on\" disabled=\"on\"][et_pb_row _builder_version=\"4.17.6\u2033 _module_preset=\"default\" width=\"90%\" max_width=\"1200px\" custom_padding=\"0px||||false|false\" global_colors_info=\"{}\"][et_pb_column type=\"4_4\u2033 _builder_version=\"4.16\u2033 _module_preset=\"default\" global_colors_info=\"{}\"][et_pb_text _builder_version=\"4.17.6\u2033 _module_preset=\"default\" header_font=\"|||on|||||\" header_text_align=\"center\" header_text_color=\"#121318\u2033 header_font_size=\"40px\" header_letter_spacing=\"4px\" header_line_height=\"1.3em\" header_2_font=\"||on|||||\" header_2_text_align=\"left\" header_2_letter_spacing=\"2px\" text_orientation=\"center\" custom_margin=\"||||false|false\" custom_padding=\"0.3em||||false|false\" header_font_size_tablet=\"25px\" header_font_size_phone=\"20px\" header_font_size_last_edited=\"on|desktop\" header_2_font_size_tablet=\"25px\" header_2_font_size_phone=\"22px\" header_2_font_size_last_edited=\"on|desktop\" global_colors_info=\"{}\"]<\/p>\n<h2>Notre portefeuille de biens immobiliers publics<\/h2>\n<p>[\/et_pb_text][\/et_pb_column][\/et_pb_row][et_pb_row _builder_version=\u201c4.17.6\u2033 _module_preset=\"default\" width=\"90%\" max_width=\"1200px\" custom_padding=\"0px||0px||true|false\" collapsed=\"off\" global_colors_info=\"{}\"][et_pb_column type=\"4_4\u2033 _builder_version=\"4.16\u2033 _module_preset=\"default\" global_colors_info=\"{}\"][et_pb_code _builder_version=\"4.17.0\u2033 _module_preset=\"default\" hover_enabled=\"0\u2033 global_colors_info=\"{}\" sticky_enabled=\"0\u2033]<div class=\"inx-cq\">\n\t\n\t<div id=\"inx-property-list\" class=\"inx-container inx-property-list inx-property-list--is-empty\">\n\t\t\t<\/div>\n\n\t<\/div>\n[\/et_pb_code][\/et_pb_column][\/et_pb_row][\/et_pb_section][et_pb_section fb_built=&#8220;1&#8243; custom_padding_last_edited=&#8220;on|phone&#8220; _builder_version=&#8220;4.17.6&#8243; _module_preset=&#8220;default&#8220; background_color=&#8220;#eae7e3&#8243; background_enable_image=&#8220;off&#8220; background_position=&#8220;top_left&#8220; background_blend=&#8220;multiply&#8220; custom_padding=&#8220;40px||90px||false|false&#8220; custom_padding_tablet=&#8220;30px||60px||false|false&#8220; custom_padding_phone=&#8220;30px||50px||false|false&#8220; custom_css_main_element=&#8220;overflow: hidden;&#8220; custom_css_after=&#8220;background-image: url(&#8218;https:\/\/isla-passio.com\/wp-content\/uploads\/2022\/03\/finger_bg.png&#8216;);||background-size: contain;||background-position: center;||background-repeat: no-repeat;||content: %22%22;||display: block;||position: absolute;||right: -100px;||bottom: 0;||width: 500px;||height: 300px;||transform: rotate(70deg);||opacity: .5;&#8220; global_colors_info=&#8220;{}&#8220;][et_pb_row column_structure=&#8220;1_4,1_2,1_4&#8243; use_custom_gutter=&#8220;on&#8220; make_equal=&#8220;on&#8220; custom_padding_last_edited=&#8220;on|phone&#8220; _builder_version=&#8220;4.17.6&#8243; _module_preset=&#8220;default&#8220; background_color=&#8220;#9C8679&#8243; use_background_color_gradient=&#8220;on&#8220; background_color_gradient_direction=&#8220;304deg&#8220; background_color_gradient_stops=&#8220;#9c8679 0%|#c9beb1 99%&#8220; background_image=&#8220;https:\/\/isla-passio.com\/wp-content\/uploads\/2022\/07\/immobilien-mallorca-isla-passio-1200-1.jpg&#8220; background_size=&#8220;contain&#8220; background_position=&#8220;center_left&#8220; background_horizontal_offset=&#8220;-19%&#8220; z_index=&#8220;1&#8243; max_width=&#8220;1200px&#8220; custom_padding=&#8220;120px|45px|120px|45px|true|true&#8220; custom_padding_tablet=&#8220;85px|35px|85px|35px|true|true&#8220; custom_padding_phone=&#8220;30px|25px|30px|25px|true|true&#8220; background_last_edited=&#8220;on|phone&#8220; background_position_tablet=&#8220;top_center&#8220; background_position_phone=&#8220;top_center&#8220; background_horizontal_offset_tablet=&#8220;-65%&#8220; background_vertical_offset_phone=&#8220;0%&#8220; border_radii=&#8220;off||20px|20px|&#8220; border_radii_tablet=&#8220;off||0px|20px|20px&#8220; border_radii_phone=&#8220;off||0px|20px|20px&#8220; border_radii_last_edited=&#8220;on|phone&#8220; box_shadow_style=&#8220;preset2&#8243; box_shadow_blur=&#8220;40px&#8220; box_shadow_color=&#8220;rgba(0,0,0,0.25)&#8220; global_colors_info=&#8220;{}&#8220; custom_css_main_element_last_edited=&#8220;on|phone&#8220; custom_css_main_element_phone=&#8220;background-position: center top !important;&#8220;][et_pb_column type=&#8220;1_4&#8243; _builder_version=&#8220;4.17.6&#8243; _module_preset=&#8220;default&#8220; custom_css_main_element=&#8220;display: flex;||flex-flow: column wrap;||justify-content: center;&#8220; global_colors_info=&#8220;{}&#8220;][et_pb_divider show_divider=&#8220;off&#8220; _builder_version=&#8220;4.17.6&#8243; _module_preset=&#8220;default&#8220; height_tablet=&#8220;300px&#8220; height_phone=&#8220;190px&#8220; height_last_edited=&#8220;on|phone&#8220; global_colors_info=&#8220;{}&#8220;][\/et_pb_divider][\/et_pb_column][et_pb_column type=&#8220;1_2&#8243; _builder_version=&#8220;4.17.6&#8243; _module_preset=&#8220;default&#8220; custom_css_main_element=&#8220;display: flex;||flex-flow: column wrap;||justify-content: center;&#8220; global_colors_info=&#8220;{}&#8220;][et_pb_text _builder_version=&#8220;4.17.6&#8243; _module_preset=&#8220;default&#8220; text_text_color=&#8220;#FFFFFF&#8220; text_font_size=&#8220;18px&#8220; header_2_font=&#8220;|||on|||||&#8220; header_2_font_size=&#8220;23px&#8220; header_2_letter_spacing=&#8220;2px&#8220; header_2_line_height=&#8220;1.3em&#8220; background_color=&#8220;rgba(63,54,57,0.25)&#8220; background_layout=&#8220;dark&#8220; custom_margin=&#8220;|||5%|false|false&#8220; custom_margin_tablet=&#8220;|||0%|false|false&#8220; custom_margin_phone=&#8220;|||0%|false|false&#8220; custom_margin_last_edited=&#8220;on|phone&#8220; custom_padding=&#8220;24px|25px|24px|25px|true|true&#8220; custom_padding_tablet=&#8220;24px|25px|24px|25px|true|true&#8220; custom_padding_phone=&#8220;20px|20px|20px|20px|true|true&#8220; custom_padding_last_edited=&#8220;on|phone&#8220; text_font_size_tablet=&#8220;17px&#8220; text_font_size_phone=&#8220;16px&#8220; text_font_size_last_edited=&#8220;on|phone&#8220; header_2_font_size_tablet=&#8220;23px&#8220; header_2_font_size_phone=&#8220;20px&#8220; header_2_font_size_last_edited=&#8220;on|phone&#8220; global_colors_info=&#8220;{}&#8220;]<\/p>\n<h2>Avec Isla Passi\u00f3, vous trouverez la propri\u00e9t\u00e9 de vos r\u00eaves.<\/h2>\n<p>Pour des raisons de discr\u00e9tion, nous ne publions pas la plupart de nos maisons de r\u00eave, de nos terrains et de nos trouvailles sp\u00e9ciales dans notre portefeuille web public. Il est donc judicieux de nous contacter pour savoir si nous avons ce qu'il vous faut, et si ce n'est pas le cas, nous serons heureux de le trouver pour vous.<\/p>\n<p><b>\"Laissez-vous simplement aider. <\/b><b>Je vous attends avec impatience\".<\/b><\/p>\n<p>Votre Niels Teichmann<\/p>\n<p>[\/et_pb_text][\/et_pb_column][et_pb_column type=\"1_4\u2033 _builder_version=\"4.17.6\u2033 _module_preset=\"default\" custom_css_main_element=\"display : flex;||flex-flow : column wrap;||justify-content : center ;\" global_colors_info=\"{}\"][et_pb_button button_url=\"#\" button_text=\"Demander maintenant\" button_alignment=\"center\" button_alignment_tablet=\"center\" button_alignment_phone=\"center\" button_alignment_last_edited=\"on|tablet\" module_id=\"bouton_de_demande\" _builder_version=\"4.17.6\u2033 _module_preset=\"default\" custom_button=\"on\" button_text_color=\"#3F3639\u2033 button_bg_color=\"#F8F0E3\u2033 button_bg_use_color_gradient=\"on\" button_bg_color_gradient_direction=\"54deg\" button_bg_color_gradient_stops=\"#eae7e3 0%|#f8f0e3 100%\" button_use_icon=\"off\" custom_margin_tablet=\"20px|||0px||false|false\" custom_margin_phone=\"0px||||false|false\" custom_margin_last_edited=\"on|phone\" custom_padding=\"0.5em|1em|0.2em|1em|false|true\" button_text_size_tablet=\"\" button_text_size_phone=\"16px\" button_text_size_last_edited=\"on|desktop\" global_colors_info=\"{}\" transform_styles__hover_enabled=\"on|hover\" transform_scale__hover_enabled=\"on|hover\" transform_translate__hover_enabled=\"on|desktop\" transform_rotate__hover_enabled=\"on|desktop\" transform_skew__hover_enabled=\"on|desktop\" transform_origin__hover_enabled=\"on|desktop\" transform_scale__hover=\"110%|110%\"][\/et_pb_button][\/et_pb_column][\/et_pb_row][\/et_pb_section]<\/p>","protected":false},"excerpt":{"rendered":"<p>Isla Passi\u00f3 Immobilier vous propose des fincas tri\u00e9es sur le volet, de charmantes maisons de ville, des villas, des appartements modernes et d'autres propri\u00e9t\u00e9s exclusives dans des endroits attrayants. Pour les personnes int\u00e9ress\u00e9es par la construction, nous pouvons r\u00e9aliser votre projet de construction de r\u00eave \u00e0 Majorque \"sans barri\u00e8res\" avec un accompagnement en langue allemande. Niels Teichmann et son \u00e9quipe de collaborateurs comp\u00e9tents et discrets vous conseillent et vous assistent personnellement dans votre projet, en tenant compte de vos [...].<\/p>","protected":false},"author":1,"featured_media":1598,"parent":0,"menu_order":0,"comment_status":"closed","ping_status":"closed","template":"","meta":{"_et_pb_use_builder":"on","_et_pb_old_content":"","_et_gb_content_width":"","footnotes":""},"dipi_cpt_category":[],"_links":{"self":[{"href":"https:\/\/isla-passio.com\/fr\/wp-json\/wp\/v2\/pages\/682"}],"collection":[{"href":"https:\/\/isla-passio.com\/fr\/wp-json\/wp\/v2\/pages"}],"about":[{"href":"https:\/\/isla-passio.com\/fr\/wp-json\/wp\/v2\/types\/page"}],"author":[{"embeddable":true,"href":"https:\/\/isla-passio.com\/fr\/wp-json\/wp\/v2\/users\/1"}],"replies":[{"embeddable":true,"href":"https:\/\/isla-passio.com\/fr\/wp-json\/wp\/v2\/comments?post=682"}],"version-history":[{"count":9,"href":"https:\/\/isla-passio.com\/fr\/wp-json\/wp\/v2\/pages\/682\/revisions"}],"predecessor-version":[{"id":2838,"href":"https:\/\/isla-passio.com\/fr\/wp-json\/wp\/v2\/pages\/682\/revisions\/2838"}],"wp:featuredmedia":[{"embeddable":true,"href":"https:\/\/isla-passio.com\/fr\/wp-json\/wp\/v2\/media\/1598"}],"wp:attachment":[{"href":"https:\/\/isla-passio.com\/fr\/wp-json\/wp\/v2\/media?parent=682"}],"wp:term":[{"taxonomy":"dipi_cpt_category","embeddable":true,"href":"https:\/\/isla-passio.com\/fr\/wp-json\/wp\/v2\/dipi_cpt_category?post=682"}],"curies":[{"name":"wp","href":"https:\/\/api.w.org\/{rel}","templated":true}]}}