{"id":350,"date":"2022-02-01T10:04:40","date_gmt":"2022-02-01T09:04:40","guid":{"rendered":"https:\/\/ip.linking-net.com\/?page_id=350"},"modified":"2022-07-30T12:49:36","modified_gmt":"2022-07-30T10:49:36","slug":"impressum","status":"publish","type":"page","link":"https:\/\/isla-passio.com\/fr\/mentions-legales\/","title":{"rendered":"Mentions l\u00e9gales"},"content":{"rendered":"<p>[et_pb_section fb_built=\"1\u2033 _builder_version=\"4.16\u2033 _module_preset=\"default\" background_color=\"RGBA(255,255,255,0)\" custom_padding=\"23px||23px||true|false\" global_colors_info=\"{}\"][et_pb_row _builder_version=\"4.16\u2033 _module_preset=\"default\" custom_padding=\"27px||27px||true|false\" global_colors_info=\"{}\"][et_pb_column type=\"4_4\u2033 _builder_version=\"4.16\u2033 _module_preset=\"default\" global_colors_info=\"{}\"][et_pb_text _builder_version=\"4.16\u2033 _module_preset=\"default\" text_orientation=\"center\" custom_padding=\"|15px||15px|false|true\" global_colors_info=\"{}\"]<\/p>\n<p>Le responsable du contenu du domaine isla-passio.com est<\/p>\n<p><strong>Niels Teichmann<\/strong> \/\/ Conseiller immobilier<\/p>\n<p>[\/et_pb_text][\/et_pb_column][\/et_pb_row][et_pb_row column_structure=\u201c1_3,1_3,1_3\u2033 _builder_version=\u201c4.16\u2033 _module_preset=\"default\" width=\"90%\" custom_padding=\"23px||27px||false|false\" global_colors_info=\"{}\"][et_pb_column type=\"1_3\u2033 _builder_version=\"4.16\u2033 _module_preset=\"default\" global_colors_info=\"{}\"][et_pb_text _builder_version=\"4.17.4\u2033 _module_preset=\"default\" custom_padding=\"|15px||15px|false|true\" global_colors_info=\"{}\"]<\/p>\n<p>ISLA PASSI\u00d3 - Propri\u00e9t\u00e9s<br \/>Carrer la Marina 29<br \/>07659 Cala Figuera \/ Santany\u00ed<br \/>Majorque \/ Bal\u00e9ares<br \/>Espagne<\/p>\n<p>[\/et_pb_text][\/et_pb_column][et_pb_column type=\"1_3\u2033 _builder_version=\"4.16\u2033 _module_preset=\"default\" global_colors_info=\"{}\"][et_pb_text _builder_version=\"4.17.3\u2033 _module_preset=\"default\" custom_padding=\"|15px||15px|false|true\" global_colors_info=\"{}\"]Fon FR +49 151 194 794 80<br \/>\nFon ES +34 680 265 785<br \/>\nCourrier \u00e9lectronique : mail@isla-passio.com<\/p>\n<p>USt.Id.Nr. ESX9124865Y[\/et_pb_text][\/et_pb_column][et_pb_column type=&#8220;1_3&#8243; _builder_version=&#8220;4.16&#8243; _module_preset=&#8220;default&#8220; global_colors_info=&#8220;{}&#8220;][et_pb_text _builder_version=&#8220;4.16&#8243; _module_preset=&#8220;default&#8220; custom_padding=&#8220;|15px||15px|false|true&#8220; global_colors_info=&#8220;{}&#8220;]Authorisierte Social Media Profile[\/et_pb_text][et_pb_social_media_follow _builder_version=&#8220;4.15.1&#8243; _module_preset=&#8220;default&#8220; custom_padding=&#8220;|15px||15px|false|true&#8220; global_module=&#8220;1268&#8243; saved_tabs=&#8220;all&#8220; global_colors_info=&#8220;{}&#8220;][et_pb_social_media_follow_network social_network=&#8220;facebook&#8220; url=&#8220;https:\/\/www.facebook.com\/islapassio&#8220; icon_color=&#8220;#f8f0e3&#8243; _builder_version=&#8220;4.16&#8243; _module_preset=&#8220;default&#8220; background_color=&#8220;#9C8679&#8243; background_enable_color=&#8220;on&#8220; custom_button=&#8220;on&#8220; border_radii=&#8220;on|50%|50%|50%|50%&#8220; global_colors_info=&#8220;{}&#8220; background__hover_enabled=&#8220;on|desktop&#8220; background_color__hover=&#8220;#3b5998&#8243; background_enable_color__hover=&#8220;on&#8220; follow_button=&#8220;off&#8220; url_new_window=&#8220;on&#8220;]facebook[\/et_pb_social_media_follow_network][et_pb_social_media_follow_network social_network=&#8220;instagram&#8220; url=&#8220;https:\/\/instagram.com\/isla_passio_mallorca&#8220; icon_color=&#8220;#f8f0e3&#8243; _builder_version=&#8220;4.16&#8243; _module_preset=&#8220;default&#8220; background_color=&#8220;#9C8679&#8243; background_enable_color=&#8220;on&#8220; border_radii=&#8220;on|50%|50%|50%|50%&#8220; global_colors_info=&#8220;{}&#8220; background__hover_enabled=&#8220;on|hover&#8220; background_color__hover=&#8220;#ea2c59&#8243; background_enable_color__hover=&#8220;on&#8220; follow_button=&#8220;off&#8220; url_new_window=&#8220;on&#8220;]instagram[\/et_pb_social_media_follow_network][et_pb_social_media_follow_network social_network=&#8220;xing&#8220; url=&#8220;https:\/\/www.xing.com\/profile\/Niels_Teichmann&#8220; icon_color=&#8220;#f8f0e3&#8243; _builder_version=&#8220;4.16&#8243; _module_preset=&#8220;default&#8220; background_color=&#8220;#9C8679&#8243; background_enable_color=&#8220;on&#8220; border_radii=&#8220;on|50%|50%|50%|50%&#8220; global_colors_info=&#8220;{}&#8220; background__hover_enabled=&#8220;on|hover&#8220; background_color__hover=&#8220;#026466&#8243; background_enable_color__hover=&#8220;on&#8220; follow_button=&#8220;off&#8220; url_new_window=&#8220;on&#8220;]xing[\/et_pb_social_media_follow_network][et_pb_social_media_follow_network social_network=&#8220;whatsapp&#8220; url=&#8220;https:\/\/wa.me\/4915119479480?text=Hallo%20Herr%20Teichmann,%20ich%20interessiere%20mich%20f%C3%BCr%20eine%20Ihrer%20Immobilien%20und%20freue%20mich%20%C3%BCber%20Ihre%20R%C3%BCckmeldung!&#8220; icon_color=&#8220;#f8f0e3&#8243; _builder_version=&#8220;4.16&#8243; _module_preset=&#8220;default&#8220; background_color=&#8220;#9C8679&#8243; background_enable_color=&#8220;on&#8220; border_radii=&#8220;on|50%|50%|50%|50%&#8220; global_colors_info=&#8220;{}&#8220; background__hover_enabled=&#8220;on|hover&#8220; background_color__hover=&#8220;#25d366&#8243; background_enable_color__hover=&#8220;on&#8220; follow_button=&#8220;off&#8220; url_new_window=&#8220;on&#8220;]whatsapp[\/et_pb_social_media_follow_network][\/et_pb_social_media_follow][\/et_pb_column][\/et_pb_row][et_pb_row column_structure=&#8220;1_3,1_3,1_3&#8243; _builder_version=&#8220;4.16&#8243; _module_preset=&#8220;default&#8220; width=&#8220;90%&#8220; global_colors_info=&#8220;{}&#8220;][et_pb_column type=&#8220;1_3&#8243; _builder_version=&#8220;4.16&#8243; _module_preset=&#8220;default&#8220; custom_padding=&#8220;||0px||false|false&#8220; custom_padding_tablet=&#8220;||0px||false|false&#8220; custom_padding_phone=&#8220;||0px||false|false&#8220; custom_padding_last_edited=&#8220;on|tablet&#8220; custom_css_main_element=&#8220;margin-bottom: 0 !important;&#8220; global_colors_info=&#8220;{}&#8220; custom_css_main_element_last_edited=&#8220;off|tablet&#8220;][et_pb_text _builder_version=&#8220;4.16&#8243; _module_preset=&#8220;default&#8220; text_font_size=&#8220;14px&#8220; header_2_font_size=&#8220;20px&#8220; background_color=&#8220;#FFFFFF&#8220; custom_margin=&#8220;||2em||false|false&#8220; custom_padding=&#8220;15px|15px|15px|15px|true|true&#8220; box_shadow_style=&#8220;preset1&#8243; box_shadow_blur=&#8220;60px&#8220; box_shadow_spread=&#8220;10px&#8220; box_shadow_color=&#8220;rgba(0,0,0,0.08)&#8220; global_colors_info=&#8220;{}&#8220;]<\/p>\n<h2>Responsabilit\u00e9 du contenu<\/h2>\n<p>Le contenu de mes pages a \u00e9t\u00e9 r\u00e9dig\u00e9 avec le plus grand soin. Je ne peux cependant pas garantir l'exactitude, l'exhaustivit\u00e9 et l'actualit\u00e9 des contenus. En tant que prestataire de services, je suis responsable de mes propres contenus sur ces pages selon les lois g\u00e9n\u00e9rales, conform\u00e9ment \u00e0 l'article 7, paragraphe 1 de la loi allemande sur les t\u00e9l\u00e9m\u00e9dias (TMG). Selon les \u00a7\u00a7 8 \u00e0 10 de la TMG, je ne suis cependant pas tenu, en tant que prestataire de services, de surveiller les informations \u00e9trang\u00e8res transmises ou enregistr\u00e9es ou de rechercher les circonstances qui indiquent une activit\u00e9 ill\u00e9gale. L'obligation de supprimer ou de bloquer l'utilisation d'informations conform\u00e9ment aux lois g\u00e9n\u00e9rales reste inchang\u00e9e. Une responsabilit\u00e9 \u00e0 cet \u00e9gard n'est toutefois possible qu'\u00e0 partir du moment o\u00f9 une violation concr\u00e8te de la loi est connue. D\u00e8s la prise de connaissance d'une telle violation, je supprimerai imm\u00e9diatement le contenu en question.<\/p>\n<p>[\/et_pb_text][et_pb_text _builder_version=\"4.17.6\u2033 _module_preset=\"default\" text_font_size=\"14px\" header_2_font_size=\"20px\" background_color=\"#FFFFFF\" custom_margin=\"||2em||false|false\" custom_padding=\"15px|15px|15px|15px|true|true\" hover_enabled=\"0\u2033 box_shadow_style=\"preset1\u2033 box_shadow_blur=\"60px\" box_shadow_spread=\"10px\" box_shadow_color=\"rgba(0,0,0,0.08)\" global_colors_info=\"{}\" sticky_enabled=\"0\u2033]<\/p>\n<h2>Cr\u00e9dit photo<\/h2>\n<p>Niels Teichmann<br \/>\nSaskia Lund<br \/>\nGunnar Knechtel[\/et_pb_text][\/et_pb_column][et_pb_column type=\"1_3\u2033 _builder_version=\"4.16\u2033 _module_preset=\"default\" custom_padding=\"||0px||false|false\" custom_padding_tablet=\"||||false|false\" custom_padding_phone=\"||||false|false\" custom_padding_last_edited=\"on|tablet\" custom_css_main_element=\"margin-bottom : 0 !important ;\" global_colors_info=\"{}\"][et_pb_text _builder_version=\"4.16\u2033 _module_preset=\"default\" text_font_size=\"14px\" header_2_font_size=\"20px\" background_color=\"#FFFFFF\" custom_margin=\"||2em||false|false\" custom_padding=\"15px|15px|15px|15px|true|true\" box_shadow_style=\"preset1\u2033 box_shadow_blur=\"60px\" box_shadow_spread=\"10px\" box_shadow_color=\"rgba(0,0,0,0.08)\" global_colors_info=\"{}\"]<\/p>\n<h2>Responsabilit\u00e9 des liens<\/h2>\n<p>Mon offre contient des liens vers des sites web externes de tiers, sur lesquels je n'ai aucune influence. Par cons\u00e9quent, je ne peux pas me porter garant de ces contenus externes. Le fournisseur ou l'exploitant des pages li\u00e9es est toujours responsable du contenu de ces pages. Les pages li\u00e9es ont \u00e9t\u00e9 v\u00e9rifi\u00e9es au moment de la cr\u00e9ation du lien afin de s'assurer qu'elles n'enfreignaient pas la loi. Aucun contenu ill\u00e9gal n'a \u00e9t\u00e9 identifi\u00e9 au moment de la cr\u00e9ation du lien. Un contr\u00f4le permanent du contenu des pages li\u00e9es n'est cependant pas exigible sans indices concrets d'une violation de la loi. D\u00e8s la prise de connaissance d'une violation de la loi, je supprimerai imm\u00e9diatement les liens concern\u00e9s.<\/p>\n<p>[\/et_pb_text][et_pb_text _builder_version=\"4.16\u2033 _module_preset=\"default\" text_font_size=\"14px\" header_2_font_size=\"20px\" background_color=\"#FFFFFF\" custom_margin=\"||2em||false|false\" custom_padding=\"15px|15px|15px|15px|true|true\" box_shadow_style=\"preset1\u2033 box_shadow_blur=\"60px\" box_shadow_spread=\"10px\" box_shadow_color=\"rgba(0,0,0,0.08)\" global_colors_info=\"{}\"]<\/p>\n<p>La Commission europ\u00e9enne met \u00e0 disposition une plateforme de r\u00e8glement extrajudiciaire des litiges en ligne (plateforme RLL), accessible \u00e0 l'adresse www.ec.europa.eu\/consumers\/odr. Vous trouverez notre adresse \u00e9lectronique ici, dans mes mentions l\u00e9gales. Je ne suis ni oblig\u00e9 ni dispos\u00e9 \u00e0 participer \u00e0 la proc\u00e9dure de r\u00e8glement des litiges.<\/p>\n<p>[\/et_pb_text][\/et_pb_column][et_pb_column type=\"1_3\u2033 _builder_version=\"4.16\u2033 _module_preset=\"default\" custom_padding=\"||0px||false|false\" custom_css_main_element=\"margin-bottom : 0 !important ;\" global_colors_info=\"{}\"][et_pb_text _builder_version=\"4.16\u2033 _module_preset=\"default\" text_font_size=\"14px\" header_2_font_size=\"20px\" background_color=\"#FFFFFF\" custom_margin=\"||2em||false|false\" custom_padding=\"15px|15px|15px|15px|true|true\" box_shadow_style=\"preset1\u2033 box_shadow_blur=\"60px\" box_shadow_spread=\"10px\" box_shadow_color=\"rgba(0,0,0,0.08)\" global_colors_info=\"{}\"]<\/p>\n<h2>Droit d'auteur<\/h2>\n<p>Les contenus et \u0153uvres cr\u00e9\u00e9s par l'exploitant du site, Saskia Lund, sont soumis au droit d'auteur allemand. La reproduction, le traitement, la diffusion et toute forme d'exploitation en dehors des limites du droit d'auteur n\u00e9cessitent l'accord \u00e9crit de l'auteur ou du cr\u00e9ateur concern\u00e9. Les t\u00e9l\u00e9chargements et les copies de ce site ne sont autoris\u00e9s que pour un usage priv\u00e9 et non commercial. Dans la mesure o\u00f9 les contenus de ce site n'ont pas \u00e9t\u00e9 cr\u00e9\u00e9s par l'exploitant, les droits d'auteur de tiers sont respect\u00e9s. En particulier, les contenus de tiers sont identifi\u00e9s comme tels. Si vous constatez n\u00e9anmoins une violation des droits d'auteur, je vous prie de me le signaler. D\u00e8s la prise de connaissance d'une violation de la loi, je supprimerai imm\u00e9diatement le contenu en question.<\/p>\n<p>[\/et_pb_text][\/et_pb_column][\/et_pb_row][\/et_pb_section]<\/p>","protected":false},"excerpt":{"rendered":"<p>Responsable du contenu du domaine isla-passio.com est Niels Teichmann \/\/ Conseiller immobilierISLA PASSI\u00d3 - ImmobilierCarrer la Marina 2907659 Cala Figuera \/ Santany\u00edMallorca \/ Bal\u00e9aresEspagneFon FR +49 151 194 794 80 Fon ES +34 680 265 785 Mail : mail@isla-passio.com N\u00b0 de TVA ESX9124865YProfils de m\u00e9dias sociaux autoris\u00e9sResponsabilit\u00e9 du contenu Le contenu de mes pages a \u00e9t\u00e9 cr\u00e9\u00e9 avec le plus grand soin. [...]<\/p>","protected":false},"author":1,"featured_media":0,"parent":0,"menu_order":0,"comment_status":"closed","ping_status":"closed","template":"","meta":{"_et_pb_use_builder":"on","_et_pb_old_content":"","_et_gb_content_width":"","footnotes":""},"dipi_cpt_category":[],"_links":{"self":[{"href":"https:\/\/isla-passio.com\/fr\/wp-json\/wp\/v2\/pages\/350"}],"collection":[{"href":"https:\/\/isla-passio.com\/fr\/wp-json\/wp\/v2\/pages"}],"about":[{"href":"https:\/\/isla-passio.com\/fr\/wp-json\/wp\/v2\/types\/page"}],"author":[{"embeddable":true,"href":"https:\/\/isla-passio.com\/fr\/wp-json\/wp\/v2\/users\/1"}],"replies":[{"embeddable":true,"href":"https:\/\/isla-passio.com\/fr\/wp-json\/wp\/v2\/comments?post=350"}],"version-history":[{"count":10,"href":"https:\/\/isla-passio.com\/fr\/wp-json\/wp\/v2\/pages\/350\/revisions"}],"predecessor-version":[{"id":2551,"href":"https:\/\/isla-passio.com\/fr\/wp-json\/wp\/v2\/pages\/350\/revisions\/2551"}],"wp:attachment":[{"href":"https:\/\/isla-passio.com\/fr\/wp-json\/wp\/v2\/media?parent=350"}],"wp:term":[{"taxonomy":"dipi_cpt_category","embeddable":true,"href":"https:\/\/isla-passio.com\/fr\/wp-json\/wp\/v2\/dipi_cpt_category?post=350"}],"curies":[{"name":"wp","href":"https:\/\/api.w.org\/{rel}","templated":true}]}}